{"id":3222,"date":"2011-09-23T15:15:41","date_gmt":"2011-09-23T15:15:41","guid":{"rendered":"https:\/\/www.windoor.com\/apropos"},"modified":"2023-10-17T08:39:01","modified_gmt":"2023-10-17T06:39:01","slug":"uber_uns","status":"publish","type":"page","link":"https:\/\/www.windoor.com\/de\/uber_uns","title":{"rendered":"Das Unternehmen Windoor &#8211; Spezialist f\u00fcr eingebettete Sicherheitsfunktionen seit 1992"},"content":{"rendered":"<p><img decoding=\"async\" src=\"https:\/\/www.windoor.com\/wp-content\/uploads\/2020\/05\/Screen-Shot-2020-05-02-at-19.31.53-2-300x106.png\" alt=\"\" class=\"alignnone wp-image-4288 size-medium\" width=\"300\" height=\"106\" srcset=\"https:\/\/www.windoor.com\/wp-content\/uploads\/2020\/05\/Screen-Shot-2020-05-02-at-19.31.53-2-300x106.png 300w, https:\/\/www.windoor.com\/wp-content\/uploads\/2020\/05\/Screen-Shot-2020-05-02-at-19.31.53-2-768x272.png 768w, https:\/\/www.windoor.com\/wp-content\/uploads\/2020\/05\/Screen-Shot-2020-05-02-at-19.31.53-2-1024x363.png 1024w, https:\/\/www.windoor.com\/wp-content\/uploads\/2020\/05\/Screen-Shot-2020-05-02-at-19.31.53-2-600x212.png 600w, https:\/\/www.windoor.com\/wp-content\/uploads\/2020\/05\/Screen-Shot-2020-05-02-at-19.31.53-2.png 1734w\" sizes=\"(max-width: 300px) 100vw, 300px\" \/><\/p>\n<p>WINDOOR S.A ist eine 1992 gegr\u00fcndete schweizerische Gesellschaft, die sich durch ihre starke Dynamik, ihre wirtschaftliche Reaktionsf\u00e4higkeit und ihre Suche nach Innovation auszeichnet. Wir konzipieren und vertreiben eine vollst\u00e4ndige Palette an elektrischen, elektronischen und elektromechanischen eingebetteten Kontrollsystemen, Zugangsverwaltungssystemen und Tracking-Systemen zur Sicherung von G\u00fctern, Waren und Menschen.<\/p>\n<p><strong>Branche und Produkte:<\/strong><br \/>\nWir beliefern haupts\u00e4chlich den industriellen Karosseriesektor, die Automobilindustrie, die Lebensmittelindustrie, die Hersteller und Ausstatter von Nutzfahrzeugen und Lastkraftwagen. Windoor ist in dieser Branche ein anerkannter Experte geworden, der die Sicherung und Erschlie\u00dfung der Logistikkette dank seiner innovativen, effizienten und praktischen Produktpalette an eingebetteten Systemen f\u00fcr Industrie- und Nutzfahrzeuge unterst\u00fctzt: einfache Verriegelung, Fernverriegelung mit Zugangskontrolle und GPS-Tracking, autonomes GPS-Tracking, R\u00fcckfahrkameras, Kameras mit peripherer Sicht, Kameras mit seitlicher Sicht, Kameras mit Sicht nach hinten. Windoor bietet zudem L\u00f6sungen f\u00fcr die aktuelle Problematik der \u00dcberlastung von leichten Fahrzeugen und Nutzfahrzeugen. Sein \u00dcberlastungsdetektor f\u00fcr Nutzfahrzeuge erm\u00f6glicht das effiziente und wirtschaftlichere Vorbeugen von Gefahren in Verbindung mit der \u00dcberlastung von Fahrzeugen.\u00a0 Windoor bietet zudem einen genialen \u00d6ffnungsautomatismus f\u00fcr Tore und Garagen durch Lichthupe.<\/p>\n<p>In Bezug auf CARE-LOCK\u00ae:<br \/>\nDiese Reihe umfasst Verriegelungssysteme f\u00fcr Lastwagen und Lastkraftfahrzeuge. Die Reihe wurde vor mehr als 10 Jahren kreiert. Die Einbruchschutz-Verriegelung CARE-LOCK\u00ae f\u00fcr Lastwagen sichert den Warentransport mit hoher Wertsch\u00f6pfung bei einer wachsenden Anzahl von Transportunternehmen. Im Gegensatz zu anderen mechanischen und von au\u00dfen sichtbaren Verriegelungssystemen ist unsere Einbruchschutz-Verriegelung f\u00fcr Lastwagen elektromechanisch, von sehr gro\u00dfer Robustheit und <strong>absolut unsichtbar von au\u00dfen<\/strong>. Diese Reihe ist ausschlie\u00dflich f\u00fcr Lastkraftfahrzeuge bestimmt. Egal ob es sich um Markenhandtaschen in einem Nutzfahrzeug oder um Zigaretten in einem Sattelschlepper handelt: Unsere Einbruchschutz-Verriegelung f\u00fcr Lastwagen ist ideal f\u00fcr eine verst\u00e4rkte Sicherung mit geringen Anschaffungskosten. Diese Einbruchschutz-Verriegelung f\u00fcr Lastwagen wird durch eine Steuerplatine mit Fernbedienung gesteuert, die das gleichzeitige oder voneinander getrennte Verriegeln und Entriegeln verschiedener T\u00fcren erm\u00f6glicht. F\u00fcr eine umfassendere Sicherung kann unsere Einbruchschutz-Verriegelung f\u00fcr Lastwagen auch mit CARE-FLEET\u00ae-Produkten f\u00fcr die Nachverfolgung und Fernsteuerung \u00fcber eine urheberrechtlich gesch\u00fctzte, dedizierte Online-Plattform verbunden werden.<\/p>\n<p>Bez\u00fcglich CARE-LOCK\u00ae <em>LIGHT<\/em>:<br \/>\nDiese Reihe umfasst Verriegelungssysteme f\u00fcr Nutzfahrzeuge. Die Reihe wurde vor mehr als 10 Jahren kreiert. Die Einbruchschutz-Verriegelung f\u00fcr Nutzfahrzeuge CARE-LOCK\u00ae <em>LIGHT<\/em> sichert den Warentransport mit hoher Wertsch\u00f6pfung bei einer wachsenden Anzahl von Transportunternehmen. Im Gegensatz zu anderen mechanischen und von au\u00dfen sichtbaren Verriegelungssystemen ist unsere Einbruchschutz-Verriegelung f\u00fcr Lastwagen elektromechanisch, von sehr gro\u00dfer Robustheit und <strong>absolut unsichtbar von au\u00dfen<\/strong>. Au\u00dferdem kann der Gro\u00dfteil der Fahrzeugmodelle dank unserer Befestigungslasche f\u00fcr jedes Fahrzeugmodell ausgestattet werden. Der Schwerpunkt liegt auf <strong>Einfachheit<\/strong> und einer <strong>schnellen Installation<\/strong>, dem Vermeiden sichtbarer L\u00f6cher im Fahrzeuggestell und somit weniger Wertverlust beim Weiterverkauf des Fahrzeuges. Diese Einbruchschutz-Verriegelung f\u00fcr Nutzfahrzeuge kann mit oder ohne Fernsteuerungssystem verkauft werden, wenn Sie bereits \u00fcber eine Zentralverriegelung verf\u00fcgen.<br \/>\nF\u00fcr eine umfassendere Sicherung kann unsere Einbruchschutz-Verriegelung f\u00fcr Lastwagen auch mit CARE-FLEET\u00ae-Produkten f\u00fcr die Nachverfolgung und Fernsteuerung \u00fcber eine urheberrechtlich gesch\u00fctzte, dedizierte Online-Plattform verbunden werden.<\/p>\n<p>Bez\u00fcglich CARE-VIEW\u00ae:<br \/>\nSeit ihrer Gr\u00fcndung im Jahr 2005 hat sich die Marke CARE-VIEW\u00ae dank ihrer Produktpalette an R\u00fcckfahrkameras und Kamerasystemen mit hinterer und peripherer Sicht f\u00fcr Lastkraftfahrzeuge, Nutzfahrzeuge und Industriefahrzeuge erfolgreich durchgesetzt. Unsere R\u00fcckfahrkameras f\u00fcr Fahrzeuge erm\u00f6glichen es dem Fahrer, problemlos an engen Stellen r\u00fcckw\u00e4rts zu fahren und das Risiko, an zuvor unsichtbaren Hindernissen h\u00e4ngenzubleiben oder mit diesen zusammenzusto\u00dfen, zu vermeiden. Unsere R\u00fcckfahrsysteme und R\u00fcckfahrkameras sorgen zudem f\u00fcr sichereres Fahren. Abgesehen vom Fahrkomfort und dem Verhindern von Unf\u00e4llen tragen die R\u00fcckfahrkameras zur Sicherheit der Personen und G\u00fcter bei.<\/p>\n<p>Die R\u00fcckfahrkameras und die Sichtsysteme von CARE-VIEW\u00ae sind f\u00fcr alle Arten von Lastkraftwagen, Nutzfahrzeugen, Bussen, Baustellenfahrzeugen, landwirtschaftlichen Fahrzeugen und andere Tr\u00e4ger bestimmt. Wir haben ein Modell f\u00fcr jede Anwendungsart: R\u00fcckfahrkamera f\u00fcr Lastwagen, Kamera mit seitlicher Sicht f\u00fcr landwirtschaftliche Fahrzeuge, Kamera mit peripherer Sicht (180\u00b0) f\u00fcr Busse, einfaches Quad-Display oder mit Mehrfachbildschirm etc. Unsere R\u00fcckfahrkameras, Kameras mit peripherer und seitlicher Sicht sind alle wasserdicht (IP67 bis IP69K) und staubresistent. Die R\u00fcckfahrkameras von CARE-VIEW\u00ae sind au\u00dferdem speziell f\u00fcr die anspruchsvollsten Anwendungsgebiete und insbesondere die Transportindustrie gedacht.<br \/>\nDie Reihe enth\u00e4lt au\u00dferdem eine ATEX-zertifizierte Antiexplosionskamera f\u00fcr Fahrzeuge, die in empfindlichen Umgebungen zum Einsatz kommen: \u00d6lraffinerien, chemische Komplexe etc.<\/p>\n<p>Jedes R\u00fcckfahrsicht-Set enth\u00e4lt eine (oder mehrere) R\u00fcckfahrkameras oder Kameras mit peripherer Sicht, die auf dem Fahrzeug angebracht werden, und einen Monitor, der im Innenraum installiert wird. Selbstverst\u00e4ndlich ist es m\u00f6glich, Kameras oder Monitore erg\u00e4nzend hinzuzuf\u00fcgen und auch das genau Ihrer Anwendungsart entsprechende Set zusammenzustellen. Unsere Reihe an R\u00fcckfahrkameras deckt alle Anwendungsarten und Budgets ab: von der Kamera mit hinterer Sicht der Schwarz- und Wei\u00df-Serie bis zur R\u00fcckfahrkamera und der ATEX-zertifizierten Farbkamera mit peripherer Sicht aus verst\u00e4rktem Stahl f\u00fcr die anspruchsvolleren Anwendungsgebiete.<\/p>\n<p>Bez\u00fcglich CARE-PRO\u00ae:<br \/>\nDie Reihe vereint alle vom Konstruktionsb\u00fcro von Windoor entworfenen Produkte und betrifft die elektronischen L\u00f6sungen, die wir sowohl zur Befriedigung punktueller, ma\u00dfgeschneiderter Bed\u00fcrfnisse als auch f\u00fcr die Produkte der Serie entwerfen. Diese Reihe deckt alle elektronischen Produkte in der Transportbranche, im Bereich der industriellen Zugangskontrolle sowie L\u00f6sungen f\u00fcr die \u201ebreite \u00d6ffentlichkeit\u201c ab. Die Produkte von CARE-PRO\u00ae werden in Frankreich in \u00dcbereinstimmung mit den Zulassungen und nationalen und internationalen Zertifizierungen entworfen und hergestellt. Diese Reihe umfasst Systeme, welche die Vorbeugung fast aller Versuche des Diebstahls eines Fahrzeuges erm\u00f6glichen, egal ob es sich um einen klassischen Diebstahlversuch nach einem Einbruch, einen sogenannten \u201eMouse-Jacking\u201c-Diebstahl, einen Diebstahl \u00fcber die Autot\u00fcr, das sogenannte \u201eCar-jacking\u201c, oder alle Versuche der betr\u00fcgerischen Inbetriebnahme handelt. Lassen Sie sich durch dieses \u00dcbel nicht t\u00e4uschen: der Gro\u00dfteil der Diebst\u00e4hle betrifft Fahrzeuge von geringem Wert (private oder berufliche) und keine Luxuswagen. Auf jeden Fall sorgt ein Diebstahl f\u00fcr einen emotionalen Schock, aber ist h\u00e4ufig auch ein Malus f\u00fcr Ihre Versicherung.<\/p>\n<p>Bez\u00fcglich CARE-CODE\u00ae:<br \/>\nEin geniales \u00d6ffnungssystem durch Lichthupe, das die Sicherung von Toren und bereits motorisierten Garagen erm\u00f6glicht. Es besteht aus einem auf dem Tor angebrachten Empf\u00e4nger und einem versteckten Sender im Fahrzeug. Eine einfache Lichthupe (ein-, zwei- oder dreimal angetippt) erm\u00f6glicht das einfache \u00d6ffnen von bis zu 4 verschiedenen Garagent\u00fcren oder Toren. Die einfache Installation und praktische Verwendung des \u00d6ffnungsmechanismus durch Lichthupe erm\u00f6glichen die Erh\u00f6hung der Sicherheit der Garage oder des Tors: das Signal ist verschl\u00fcsselt, nicht ausspionierbar. Es kann keine Fernbedienung oder ein Code gestohlen werden. Sie k\u00f6nnen uns bez\u00fcglich jeder spezifischen Anfrage f\u00fcr ein Fahrzeug oder eine Flotte kontaktieren oder das Set Ihrer Wahl direkt auf unserer dedizierten, kommerziellen Webseite bestellen: <a href=\"http:\/\/care-code.com\/\">http:\/\/care-code.com<\/a>.<\/p>\n<p><strong>Konstruktions- und Innovationsb\u00fcro:<\/strong><br \/>\nUnser Konstruktionsb\u00fcro bietet eine gro\u00dfe Auswahl an Sendern &#8211; Funkempf\u00e4ngern, die alle miteinander kompatibel sind und f\u00fcr die Durchf\u00fchrung von Fernsteuerungssystemen f\u00fcr den Sektor, f\u00fcr Batterien oder Solarmodule bestimmt sind.<br \/>\nEs gibt zahlreiche Anwendungsgebiete und an die zahlreichen eingebetteten Anwendungen angepasste Produktangebote. Eine dank des durch WINDOM entwickelten FOUR-TALK-Algorithmus perfekt gesicherte Technologie. Unser Konstruktionsb\u00fcro in Annecy schafft es, elektronische Systeme gem\u00e4\u00df Ihrem Anforderungsprofil zu entwerfen und herzustellen. Alle WINDOOR-Produkte werden in unserem Konstruktionsb\u00fcro hergestellt und k\u00f6nnen je nach den besonderen Anforderungen unserer Kunden modifiziert werden.<\/p>\n<p>Kompetenzbereiche<\/p>\n<p>Entwerfen von Modulen und elektronischen Subsystemen f\u00fcr Anwendungen im Bereich:<\/p>\n<ul>\n<li>Funkfrequenzen, Ultraschall, Infrarot<br \/>\n\u2022 Drahtlose Daten\u00fcbertragungen (Funkfrequenz \u2013 RFID)<br \/>\n\u2022 Automatismen (Fernsteuerung der Beleuchtung, T\u00fcren und Tore)<br \/>\n\u2022 Zugangskontrolle<\/li>\n<\/ul>\n<p>Das Unternehmen konzipiert f\u00fcr seine Kunden:<\/p>\n<ul>\n<li>Bestandteile und Leistungsmodule<br \/>\n\u2022 Hardware- und Softwareentwicklung<br \/>\n\u2022 Entwicklung und Verkabelung eines Prototypen<br \/>\n\u2022 Globale Geolokalisierungsl\u00f6sungen und ein dediziertes Kundenportal<br \/>\n\u2022 Sicherheitssysteme f\u00fcr Industriefahrzeuge<br \/>\nDie Gesellschaft vermittelt Fachkenntnisse, eine Beurteilung und \u00dcberpr\u00fcfung der Durchf\u00fchrbarkeit vor dem Projekt<\/li>\n<\/ul>\n<p>Andere Kompetenzbereiche, die aktuell gepr\u00fcft werden:<\/p>\n<p>Anpassung unserer Steuerungssysteme an neue Technologien &#8230; Bluetooth, Android, iOs &#8230;<\/p>\n<p>Eigene Produkte<\/p>\n<p>Anti-Car-Jacking \u2013 ACJ<br \/>\nAntivol Moteur Tournant \u2013 AMT (Antidiebstahl bei laufendem Motor)<br \/>\nDrahtloses Steuerungssystem durch Lichthupe \u2013 Care-Code<br \/>\nBewegungserkennungssystem f\u00fcr Wertgegenst\u00e4nde \u2013 Care-Guard<br \/>\nFernsteuerungssystem und \u00dcberwachungssystem aus gro\u00dfer Entfernung &#8211; Care-Fleet<br \/>\nVerriegelungssysteme f\u00fcr Lastkraftfahrzeuge und Nutzfahrzeuge Care-Lock<\/p>\n<p><img fetchpriority=\"high\" decoding=\"async\" src=\"https:\/\/www.windoor.com\/wp-content\/uploads\/2020\/05\/sketch-clavier-complet-1024x622.jpg\" alt=\"\" class=\"alignnone size-full wp-image-4294\" width=\"1024\" height=\"622\" srcset=\"https:\/\/www.windoor.com\/wp-content\/uploads\/2020\/05\/sketch-clavier-complet-1024x622.jpg 1024w, https:\/\/www.windoor.com\/wp-content\/uploads\/2020\/05\/sketch-clavier-complet-1024x622-300x182.jpg 300w, https:\/\/www.windoor.com\/wp-content\/uploads\/2020\/05\/sketch-clavier-complet-1024x622-768x467.jpg 768w, https:\/\/www.windoor.com\/wp-content\/uploads\/2020\/05\/sketch-clavier-complet-1024x622-600x364.jpg 600w\" sizes=\"(max-width: 1024px) 100vw, 1024px\" \/><\/p>\n<p><strong>Partner bei Ihren Herausforderungen:<\/strong><br \/>\nUnsere vereinfachte Struktur erm\u00f6glicht ein hohes Ma\u00df an Flexibilit\u00e4t und Reaktionsf\u00e4higkeit. Wir k\u00f6nnen auf spezifische Vorgaben reagieren und\/oder die Durchf\u00fchrbarkeit der Herstellung eines Ger\u00e4tes pr\u00fcfen.\u2028Es werden Aktionen mit institutionellen Gremien wie CRAM oder die Schweizer Post zur Verbesserung der Ger\u00e4te und zum Entwerfen neuer Produkte durchgef\u00fchrt. Wir haben eine technische Betreuung und eine innovative logistische Unterst\u00fctzung entworfen, um Ihre Erwartungen zu erf\u00fcllen. \u2028Kontaktieren Sie uns bei Ma\u00dfnahmen an Standorten oder Fahrzeugen. Wir werden Ihnen geeignete Angebote zuschicken.<\/p>\n<p><strong>Herstellung:<\/strong><br \/>\nEine Anzahl unserer Produkte wird in Frankreich und der Schweiz entwickelt und hergestellt.Eine bestimmte Anzahl an Produkten tragen mit Stolz den Stempel <em>Made in France<\/em> <em>(Hergestellt in Frankreich)<\/em> oder <em>Swiss Made<\/em>.<br \/>\nDie Produkte bez\u00fcglich der Videosysteme, der R\u00fcckfahrkameras und der eingebetteten Aufnahmeger\u00e4te werden au\u00dferhalb der europ\u00e4ischen Grenzen hergestellt. Die unmittelbare Pr\u00e4senz von Windoor bei seinen Partnern-Herstellern seit mehr als zehn Jahren gew\u00e4hrleistet die Qualit\u00e4t, Stabilit\u00e4t und den\u00a0 Ursprung der Produkte.<\/p>\n<p><img decoding=\"async\" src=\"https:\/\/www.windoor.com\/wp-content\/uploads\/2020\/05\/BANC-TEST-WINDOOR-2.jpg\" alt=\"\" class=\"alignnone wp-image-4292\" width=\"600\" height=\"450\" srcset=\"https:\/\/www.windoor.com\/wp-content\/uploads\/2020\/05\/BANC-TEST-WINDOOR-2.jpg 3264w, https:\/\/www.windoor.com\/wp-content\/uploads\/2020\/05\/BANC-TEST-WINDOOR-2-300x225.jpg 300w, https:\/\/www.windoor.com\/wp-content\/uploads\/2020\/05\/BANC-TEST-WINDOOR-2-768x576.jpg 768w, https:\/\/www.windoor.com\/wp-content\/uploads\/2020\/05\/BANC-TEST-WINDOOR-2-1024x768.jpg 1024w, https:\/\/www.windoor.com\/wp-content\/uploads\/2020\/05\/BANC-TEST-WINDOOR-2-600x450.jpg 600w\" sizes=\"(max-width: 600px) 100vw, 600px\" \/> <img loading=\"lazy\" decoding=\"async\" src=\"https:\/\/www.windoor.com\/wp-content\/uploads\/2020\/05\/BANC-TEST-WINDOOR.jpg\" alt=\"\" class=\"alignnone wp-image-4293\" width=\"600\" height=\"450\" srcset=\"https:\/\/www.windoor.com\/wp-content\/uploads\/2020\/05\/BANC-TEST-WINDOOR.jpg 3264w, https:\/\/www.windoor.com\/wp-content\/uploads\/2020\/05\/BANC-TEST-WINDOOR-300x225.jpg 300w, https:\/\/www.windoor.com\/wp-content\/uploads\/2020\/05\/BANC-TEST-WINDOOR-768x576.jpg 768w, https:\/\/www.windoor.com\/wp-content\/uploads\/2020\/05\/BANC-TEST-WINDOOR-1024x768.jpg 1024w, https:\/\/www.windoor.com\/wp-content\/uploads\/2020\/05\/BANC-TEST-WINDOOR-600x450.jpg 600w\" sizes=\"(max-width: 600px) 100vw, 600px\" \/><\/p>\n<h3 data-placeholder=\"Traduction\" dir=\"ltr\">Qualitat :<\/h3>\n<p class=\"tw-data-text tw-text-large tw-ta\" data-placeholder=\"Traduction\" id=\"tw-target-text\" dir=\"ltr\"><span lang=\"de\">Windoor ist ein Unternehmen, das sich haupts\u00e4chlich professionellen Kunden und Unternehmen mit hohen technischen Anforderungen widmet. Daher sind Windoor-Produkte von den offiziellen EU Zertifizierungsstellen zertifiziert. Windoor als Unternehmen ist nach ISO 9001: 2015 f\u00fcr die Qualit\u00e4t seines Managements zertifiziert. Nachfolgend finden Sie im PDF-Format unser Leitbild und verschiedene Zertifikate.<\/span><\/p>\n<blockquote>\n<ul>\n<li><a href=\"https:\/\/www.windoor.com\/wp-content\/uploads\/2020\/04\/ISO-9001-2015-zertifikat-windoor-1.pdf\">ISO 9001:2015 Zertifikat<\/a><\/li>\n<\/ul>\n<\/blockquote>\n<h3><img loading=\"lazy\" decoding=\"async\" src=\"https:\/\/www.windoor.com\/wp-content\/uploads\/2023\/10\/Screenshot-2023-10-17-at-08.33.16.png\" alt=\"\" class=\"alignleft wp-image-6648\" width=\"250\" height=\"291\" srcset=\"https:\/\/www.windoor.com\/wp-content\/uploads\/2023\/10\/Screenshot-2023-10-17-at-08.33.16.png 462w, https:\/\/www.windoor.com\/wp-content\/uploads\/2023\/10\/Screenshot-2023-10-17-at-08.33.16-258x300.png 258w\" sizes=\"(max-width: 250px) 100vw, 250px\" \/><\/h3>\n","protected":false},"excerpt":{"rendered":"<p>WINDOOR S.A ist eine 1992 gegr\u00fcndete schweizerische Gesellschaft, die sich durch ihre starke Dynamik, ihre wirtschaftliche Reaktionsf\u00e4higkeit und ihre Suche nach Innovation auszeichnet. Wir konzipieren und vertreiben eine vollst\u00e4ndige Palette an elektrischen, elektronischen und elektromechanischen eingebetteten Kontrollsystemen, Zugangsverwaltungssystemen und Tracking-Systemen zur Sicherung von G\u00fctern, Waren und Menschen. Branche und Produkte: Wir beliefern haupts\u00e4chlich den industriellen [&hellip;]<\/p>\n","protected":false},"author":1,"featured_media":0,"parent":0,"menu_order":0,"comment_status":"open","ping_status":"open","template":"","meta":{"_exactmetrics_skip_tracking":false,"_exactmetrics_sitenote_active":false,"_exactmetrics_sitenote_note":"","_exactmetrics_sitenote_category":0,"footnotes":""},"class_list":["post-3222","page","type-page","status-publish","hentry"],"_links":{"self":[{"href":"https:\/\/www.windoor.com\/de\/wp-json\/wp\/v2\/pages\/3222","targetHints":{"allow":["GET"]}}],"collection":[{"href":"https:\/\/www.windoor.com\/de\/wp-json\/wp\/v2\/pages"}],"about":[{"href":"https:\/\/www.windoor.com\/de\/wp-json\/wp\/v2\/types\/page"}],"author":[{"embeddable":true,"href":"https:\/\/www.windoor.com\/de\/wp-json\/wp\/v2\/users\/1"}],"replies":[{"embeddable":true,"href":"https:\/\/www.windoor.com\/de\/wp-json\/wp\/v2\/comments?post=3222"}],"version-history":[{"count":0,"href":"https:\/\/www.windoor.com\/de\/wp-json\/wp\/v2\/pages\/3222\/revisions"}],"wp:attachment":[{"href":"https:\/\/www.windoor.com\/de\/wp-json\/wp\/v2\/media?parent=3222"}],"curies":[{"name":"wp","href":"https:\/\/api.w.org\/{rel}","templated":true}]}}