{"id":3592,"date":"2018-12-14T13:26:02","date_gmt":"2018-12-14T12:26:02","guid":{"rendered":"https:\/\/www.windoor.com\/?page_id=3592"},"modified":"2026-02-19T11:13:54","modified_gmt":"2026-02-19T10:13:54","slug":"configurateur-carelock-light","status":"publish","type":"page","link":"https:\/\/www.windoor.com\/de\/configurateur-carelock-light","title":{"rendered":"Configurez votre kit CARE-LOCK Light"},"content":{"rendered":"<p style=\"text-align: justify;\">Avec ce configurateur online vous pouvez param\u00e9trer vos besoins en verrous Care-Lock et estimer en quelques secondes le co\u00fbt de votre \u00e9quipement.<\/p>\n<p><span class=\"cff-form-name-shortcode\"><span><style>@media (max-width:480px){#cff-iframe-1{min-height:1280px;}}@media (max-width:768px){#cff-iframe-1{min-height:2159px;}}@media (max-width:1024px){#cff-iframe-1{min-height:952px;}}@media (min-width:1024px){#cff-iframe-1{min-height:1219px;}}<\/style><script data-category=\"functional\" type=\"text\/javascript\">window.addEventListener(\"message\", function(e) {\n\t\t\t\t\t\t\tif (\"data\" in e && typeof e.data == \"object\" && ! Array.isArray(e.data) && \"cff_height\" in e.data && \"cff_iframe\" in e.data) {\n\t\t\t\t\t\t\t\ttry{\n\t\t\t\t\t\t\t\t\tlet el = document.getElementById(e.data.cff_iframe);\n\t\t\t\t\t\t\t\t\tel.style.height = e.data.cff_height + \"px\";\n\t\t\t\t\t\t\t\t\tel.style.minHeight=\"auto\";\n\t\t\t\t\t\t\t\t\tif( \"parent\" in window ) parent.postMessage({sentinel: \"amp\",type:\"embed-size\",height: e.data.cff_height+25}, \"*\");\n\t\t\t\t\t\t\t\t} catch(err){}\n\t\t\t\t\t\t\t}\n\t\t\t\t\t\t}, false);\n\t\t\t\t\t\twindow.addEventListener(\"load\", function() {\n\t\t\t\t\t\t\tlet el = document.getElementById(\"cff-iframe-1\");\n\t\t\t\t\t\t\tif(el && el.hasAttribute(\"data-cff-src\")) el.setAttribute(\"src\", el.getAttribute(\"data-cff-src\"));\n\t\t\t\t\t\t});<\/script><iframe  id=\"cff-iframe-1\" title=\"Calculated Fields Form 1\" src=\"\/\/www.windoor.com\/de\/?cff-form=15&amp;lang=de&amp;cff_iframe=cff-iframe-1\" style=\"border:none;width:100%;overflow-y:hidden;\" onload=\"try{this.width=this.contentWindow.document.body.scrollWidth;this.height=this.contentWindow.document.body.scrollHeight+40;this.style.minHeight='auto';}catch(err){}\" scrolling=\"no\"><\/iframe><\/span><\/span><\/p>\n","protected":false},"excerpt":{"rendered":"<p>Avec ce configurateur online vous pouvez param\u00e9trer vos besoins en verrous Care-Lock et estimer en quelques secondes le co\u00fbt de votre \u00e9quipement.<\/p>\n","protected":false},"author":2,"featured_media":0,"parent":0,"menu_order":0,"comment_status":"open","ping_status":"open","template":"","meta":{"_exactmetrics_skip_tracking":false,"_exactmetrics_sitenote_active":false,"_exactmetrics_sitenote_note":"","_exactmetrics_sitenote_category":0,"footnotes":""},"class_list":["post-3592","page","type-page","status-publish","hentry"],"_links":{"self":[{"href":"https:\/\/www.windoor.com\/de\/wp-json\/wp\/v2\/pages\/3592","targetHints":{"allow":["GET"]}}],"collection":[{"href":"https:\/\/www.windoor.com\/de\/wp-json\/wp\/v2\/pages"}],"about":[{"href":"https:\/\/www.windoor.com\/de\/wp-json\/wp\/v2\/types\/page"}],"author":[{"embeddable":true,"href":"https:\/\/www.windoor.com\/de\/wp-json\/wp\/v2\/users\/2"}],"replies":[{"embeddable":true,"href":"https:\/\/www.windoor.com\/de\/wp-json\/wp\/v2\/comments?post=3592"}],"version-history":[{"count":69,"href":"https:\/\/www.windoor.com\/de\/wp-json\/wp\/v2\/pages\/3592\/revisions"}],"predecessor-version":[{"id":7931,"href":"https:\/\/www.windoor.com\/de\/wp-json\/wp\/v2\/pages\/3592\/revisions\/7931"}],"wp:attachment":[{"href":"https:\/\/www.windoor.com\/de\/wp-json\/wp\/v2\/media?parent=3592"}],"curies":[{"name":"wp","href":"https:\/\/api.w.org\/{rel}","templated":true}]}}