{"id":4485,"date":"2021-03-26T11:34:56","date_gmt":"2021-03-26T10:34:56","guid":{"rendered":"https:\/\/www.windoor.com\/?page_id=4485"},"modified":"2024-05-02T16:46:11","modified_gmt":"2024-05-02T14:46:11","slug":"bird-view-kit-vision-360","status":"publish","type":"page","link":"https:\/\/www.windoor.com\/de\/bird-view-kit-vision-360","title":{"rendered":"Le kit &#8222;Bird View&#8220; de vision \u00e0 360\u00b0 pour camions, VUL, v\u00e9hicules industriels, etc"},"content":{"rendered":"<p style=\"text-align: justify;\">Depuis 2005, WINDOOR est reconnu comme un acteur d&#8217;exp\u00e9rience dans la commercialisation de kits de r\u00e9trovision avec sa marque CARE-VIEW pl\u00e9biscit\u00e9e par de nombreux clients professionnels. Fort de cette exp\u00e9rience, WINDOOR lance une nouvelle version de son kit BIRD-VIEW permettant une vision p\u00e9riph\u00e9rique \u00e0 360\u00b0 autour du v\u00e9hicule.<\/p>\n<p style=\"text-align: justify;\">Ce kit de vision \u00e0 360 degr\u00e9s est sp\u00e9cialement con\u00e7u pour les camions, poids-lourds, utilitaires, bus, campings-cars et autres v\u00e9hicules agricole, industriels, transports de fonds, etc. Il permet d&#8217;\u00e9liminer les angles-morts, minimiser les risques de collisions et avoir en tout temps une vision autour du v\u00e9hicule. Il se compose de 4 cam\u00e9ras grand angle (170\u00b0) \u00e0 la fois compactes et robustes gr\u00e2ce \u00e0 leur bo\u00eetier renforc\u00e9, d&#8217;un bo\u00eetier de contr\u00f4le avec son logiciel qui restitue une image continue \u00e0 360\u00b0 ainsi que d&#8217;un moniteur qui se place dans l&#8217;habitacle. Contrairement \u00e0 de nombreux autres kits, le kit de vision BIRD-VIEW de WINDOOR se caract\u00e9rise par les atouts suivants :<\/p>\n<ul>\n<li style=\"text-align: justify;\">Des cam\u00e9ras plus compactes qui s&#8217;int\u00e9grent mieux dans le profil du v\u00e9hicule.<\/li>\n<li style=\"text-align: justify;\">Un logiciel de restitution des images plus abouti qui couvre une plus grande surface et \u00e9limine les angles morts, notamment sur la partie avant-basse du camion.<\/li>\n<li style=\"text-align: justify;\">Un logiciel et une configuration d&#8217;installation plus simples permettant de r\u00e9duire le temps d&#8217;immobilisation du v\u00e9hicule, et donc, le co\u00fbt d&#8217;installation du syst\u00e8me.<\/li>\n<\/ul>\n<p><img fetchpriority=\"high\" decoding=\"async\" src=\"https:\/\/www.windoor.com\/wp-content\/uploads\/2021\/03\/Screenshot-2021-03-26-at-11.36.38-727x1024.png\" alt=\"\" class=\"alignnone wp-image-4491 size-large\" width=\"727\" height=\"1024\" srcset=\"https:\/\/www.windoor.com\/wp-content\/uploads\/2021\/03\/Screenshot-2021-03-26-at-11.36.38-727x1024.png 727w, https:\/\/www.windoor.com\/wp-content\/uploads\/2021\/03\/Screenshot-2021-03-26-at-11.36.38-213x300.png 213w, https:\/\/www.windoor.com\/wp-content\/uploads\/2021\/03\/Screenshot-2021-03-26-at-11.36.38-768x1081.png 768w, https:\/\/www.windoor.com\/wp-content\/uploads\/2021\/03\/Screenshot-2021-03-26-at-11.36.38-600x845.png 600w, https:\/\/www.windoor.com\/wp-content\/uploads\/2021\/03\/Screenshot-2021-03-26-at-11.36.38.png 932w\" sizes=\"(max-width: 727px) 100vw, 727px\" \/><\/p>\n<p><img decoding=\"async\" src=\"https:\/\/www.windoor.com\/wp-content\/uploads\/2021\/03\/kit-bird-view-vision-360-peripherique-camion-vehicule-industriel-vul-transport-fond-windoor-texte-722x1024.png\" alt=\"\" class=\"alignnone wp-image-4493 size-large\" width=\"722\" height=\"1024\" srcset=\"https:\/\/www.windoor.com\/wp-content\/uploads\/2021\/03\/kit-bird-view-vision-360-peripherique-camion-vehicule-industriel-vul-transport-fond-windoor-texte-722x1024.png 722w, https:\/\/www.windoor.com\/wp-content\/uploads\/2021\/03\/kit-bird-view-vision-360-peripherique-camion-vehicule-industriel-vul-transport-fond-windoor-texte-211x300.png 211w, https:\/\/www.windoor.com\/wp-content\/uploads\/2021\/03\/kit-bird-view-vision-360-peripherique-camion-vehicule-industriel-vul-transport-fond-windoor-texte-768x1089.png 768w, https:\/\/www.windoor.com\/wp-content\/uploads\/2021\/03\/kit-bird-view-vision-360-peripherique-camion-vehicule-industriel-vul-transport-fond-windoor-texte-600x851.png 600w, https:\/\/www.windoor.com\/wp-content\/uploads\/2021\/03\/kit-bird-view-vision-360-peripherique-camion-vehicule-industriel-vul-transport-fond-windoor-texte.png 932w\" sizes=\"(max-width: 722px) 100vw, 722px\" \/><\/p>\n<h3 style=\"text-align: center;\"><a href=\"https:\/\/www.windoor.com\/wp-content\/uploads\/2021\/03\/Feuillet-pub-bird-view-web.pdf\">&gt;&gt;T\u00c9L\u00c9CHARGER LA BROCHURE DE PR\u00c9SENTATION&lt;&lt;<\/a><\/h3>\n","protected":false},"excerpt":{"rendered":"<p>Depuis 2005, WINDOOR est reconnu comme un acteur d&#8217;exp\u00e9rience dans la commercialisation de kits de r\u00e9trovision avec sa marque CARE-VIEW pl\u00e9biscit\u00e9e par de nombreux clients professionnels. Fort de cette exp\u00e9rience, WINDOOR lance une nouvelle version de son kit BIRD-VIEW permettant une vision p\u00e9riph\u00e9rique \u00e0 360\u00b0 autour du v\u00e9hicule. Ce kit de vision \u00e0 360 degr\u00e9s [&hellip;]<\/p>\n","protected":false},"author":2,"featured_media":0,"parent":0,"menu_order":0,"comment_status":"open","ping_status":"open","template":"","meta":{"_exactmetrics_skip_tracking":false,"_exactmetrics_sitenote_active":false,"_exactmetrics_sitenote_note":"","_exactmetrics_sitenote_category":0,"footnotes":""},"class_list":["post-4485","page","type-page","status-publish","hentry"],"_links":{"self":[{"href":"https:\/\/www.windoor.com\/de\/wp-json\/wp\/v2\/pages\/4485","targetHints":{"allow":["GET"]}}],"collection":[{"href":"https:\/\/www.windoor.com\/de\/wp-json\/wp\/v2\/pages"}],"about":[{"href":"https:\/\/www.windoor.com\/de\/wp-json\/wp\/v2\/types\/page"}],"author":[{"embeddable":true,"href":"https:\/\/www.windoor.com\/de\/wp-json\/wp\/v2\/users\/2"}],"replies":[{"embeddable":true,"href":"https:\/\/www.windoor.com\/de\/wp-json\/wp\/v2\/comments?post=4485"}],"version-history":[{"count":1,"href":"https:\/\/www.windoor.com\/de\/wp-json\/wp\/v2\/pages\/4485\/revisions"}],"predecessor-version":[{"id":7229,"href":"https:\/\/www.windoor.com\/de\/wp-json\/wp\/v2\/pages\/4485\/revisions\/7229"}],"wp:attachment":[{"href":"https:\/\/www.windoor.com\/de\/wp-json\/wp\/v2\/media?parent=4485"}],"curies":[{"name":"wp","href":"https:\/\/api.w.org\/{rel}","templated":true}]}}