{"id":3806,"date":"2019-04-01T16:21:18","date_gmt":"2019-04-01T14:21:18","guid":{"rendered":"https:\/\/www.windoor.com\/?page_id=3806"},"modified":"2023-10-17T08:36:57","modified_gmt":"2023-10-17T06:36:57","slug":"embedded-truck-security-solutions-since-1992","status":"publish","type":"page","link":"https:\/\/www.windoor.com\/en\/embedded-truck-security-solutions-since-1992","title":{"rendered":"Windoor &#8211; specialized since 1992 in vehicle security solutions"},"content":{"rendered":"<p><img decoding=\"async\" src=\"https:\/\/www.windoor.com\/wp-content\/uploads\/2020\/05\/Screen-Shot-2020-05-02-at-19.31.53-300x106.png\" alt=\"\" class=\"alignleft wp-image-4282 size-medium\" width=\"300\" height=\"106\" srcset=\"https:\/\/www.windoor.com\/wp-content\/uploads\/2020\/05\/Screen-Shot-2020-05-02-at-19.31.53-300x106.png 300w, https:\/\/www.windoor.com\/wp-content\/uploads\/2020\/05\/Screen-Shot-2020-05-02-at-19.31.53-768x272.png 768w, https:\/\/www.windoor.com\/wp-content\/uploads\/2020\/05\/Screen-Shot-2020-05-02-at-19.31.53-1024x363.png 1024w, https:\/\/www.windoor.com\/wp-content\/uploads\/2020\/05\/Screen-Shot-2020-05-02-at-19.31.53-600x212.png 600w, https:\/\/www.windoor.com\/wp-content\/uploads\/2020\/05\/Screen-Shot-2020-05-02-at-19.31.53.png 1734w\" sizes=\"(max-width: 300px) 100vw, 300px\" \/><\/p>\n<p><strong>WINDOOR<\/strong> S.A is a Swiss company initially established in 1992 in Geneva, Switzerland. Windoor differentiates itself in this niche market place by the small size of its team, a great dynamism, a strong commercial reactivity, an in-house R&amp;D team and a perpetual quest of innovation of a team steered by a manager with 40 years of entrepreneurship and commercial experience.<br \/>\nAt Windoor we design, engineer, manufacture and sell a full range of embedded products for trucks, lorries, commercial vehicles, vans and other professional vehicles. Our solutions include anti-theft locks, tracking systems, electronic security solutions, access control and rear-vision systems.<\/p>\n<p><strong>Fields of expertise and products:<br \/>\n<\/strong>We serve a niche market : the field of security solutions for truck manufacturers (first mount and retro-fit), road logistic &amp; transportation companies (and their customers) and fitters of special vehicles. Indeed there is a growing need to secure the vehicles, their operators and the goods being transported. Windoor has become a leading and reliable partner that has contributed to the securing of the\u00a0road logistics chain through an innovative and efficient solutions : mechanical anti-theft locks, electro-mechanical anti-theft locks, remote locking &amp; unlocking of door trucks, access control management via web-based platform, GPS tracking, rear-vision systems, rear-view cameras, radar sensors, DVR event recorders, black boxes, etc.<br \/>\nWindoor is also known for its CARE-CODE, a smart device to open motorised garage doors by simply flashing the vehicle headlights!<\/p>\n<p style=\"text-align: left;\"><strong>About CARE-LOCK\u00ae :<br \/>\n<\/strong>It offers a full range of solutions to lock doors of heavy trucks and lorries. The brand was established more than 10 years ago. Thousands of CARE-LOCK\u00ae locking systems have been installed on trucks and have seriously raised the level of protection of the goods being transported.<br \/>\nOn contrary to the wide-spread mechanical locks (the &#8220;hockey puck padlock&#8221; type) that are visible from the outside our anti-theft lock are electro-mechanical are fully invisible from the outside. Thus, there is no visible lock to be picked on. Whether you transport stamps, medicine or luxury handbags in a van, commercial vehicle or truck, our rugged lock ensure a very high level or protection of the vehicle doors. The lock comes with a master control box allowing you to lock and unlock\u00a0 the doors either simultaneously or separately with the remote control (either the original remote control or the Windoor version). What&#8217;s more this locking system can be connected to the\u00a0CARE-FLEET\u00ae solution if you require to track the vehicle in real-time or if you expect to have full control over the locking\/unlocking of the doors. Windoor puts at your disposal a dedicated web-based platform.<\/p>\n<p style=\"text-align: left;\"><strong>About CARE-LOCK\u00ae\u00a0 <em>LIGHT<\/em> :<\/strong><br \/>\nThis is the light version of the CARE-LOCK\u00ae range. Indeed while CARE-LOCK\u00ae is suited for heavy trucks and lorries, the CARE-LOCK\u00ae<em>LIGHT<\/em> is specifically designed for vans and all types of commercial vehicles. This range\u00a0was created more than a decade ago. It consists of anti-theft electro-mechanical\u00a0locks\u00a0designed to secure\u00a0the doors of vans and commercial\u00a0vehicles. Over a decade we have\u00a0provided this anti-theft locking solution to a growing number of\u00a0companies in the field of road transportation, logistics and companies requiring to secure their added-value cargoes (samps, medicine, luxury goods, etc).<br \/>\nCARE-LOCK\u00ae<em>LIGHT <\/em>anti-theft locks are also invisible from the outside on contrary to the classic &#8220;puck type&#8221; mechanical lock.\u00a0A sticker on the vehicle doors also works as a deterrent for thefts. We have also developed installation kits for almost all types of vans and commercial vehicles currently in the market. This makes our anti-theft locks a simple and fast solution. What is more this system requires no drills in the visible body of the vehicle which means a greater resale value.\u00a0Our electro-mechanical are remote controlled, either using the existing vehicle remote control or the Windoor version. For customers requiring full control over vehicles and cargoes, our anti-theft locks can be connected to our CARE-FLEET\u00ae to track and control opening &amp; closing of the vehicle doors afrom your smartphone or computer.<\/p>\n<p><strong>About CARE-VIEW\u00ae\u00a0:<br \/>\n<\/strong>Since the launch in 2005 CARE-VIEW\u00ae\u00a0has evolved into a full range of vision systems for trucks, commercial vehicles and various types of professional &amp; industrialvehicles : rear-view cameras and monitors, bird view, side cameras, smart LCD mirrors, anti-explosion cameras, radar sensors, dash cams, event recorder, etc. These systems allow the driver to manoeuvre with increased safety by removing blind spots and minimizing the risk of collision with persons or fixed obstacles.<\/p>\n<p>The \u00a0CARE-VIEW\u00ae systems are meant for trucks, lorries, buses, coaches, road work vehicles, agri-food vehicles and any type of emergency response vehicles (fire fighters, Police, ambulance, safety patrols, etc). We have a vision system for almost any requirement, from low-cost rear-view camera &amp; monitor to more advance 360\u00b0 bird view or wireless quad systems. Almost all our cameras rugged, dust-proof and are water-resistant\u00a0rated IP67\u00a0to IP69K.\u00a0We also have special purpose camseras such as ATEX-certified ant-explosion cameras.<br \/>\nEach rear-view system comes with one or several cameras and monitors. Of course it is possible to build your own kit based on your requirements.<\/p>\n<p><strong>About CARE-PRO\u00ae\u00a0:<\/strong><br \/>\nThis range is the brain child of our R&amp;D team and covers all the electronic anti-theft and vehicle control solutions. Thanks to the extensive experience of our team since the company inception in 1992 we have developed custom solution for new and existing customers.\u00a0All these products are designed, engineered and\u00a0assembled in France; most of them have R-10 certifications. Among these products are anti car-jacking and anti mouse-jacking solutions. These solutions are encrypted and wireless making it far more secured than any similar solution in the market and far cheaper than the tracking solutions that don&#8217;t prevent the actual theft of the vehicle. What is more our solutions are scalable : whether you have one luxury car to protect or a whole fleet of vehicles we have the solution. And options are numerous: timing restriction (duration or time frame), user restriction, etc. This is therefore an unrivalled solution for operators of large fleet of vehicles.<\/p>\n<p><strong>About CARE-CODE\u00ae\u00a0:<\/strong><br \/>\nThis is a smart device that allows you to open your (motorized) garage \/ warehouse doors by simply flashing the headlights of your vehicles. It is made of a transmitter installed in the vehicle and a received connected to the motorized system of the door. You then specify the number of flashes to open the door (1 flash, 2 flashed or 3 flashes).<br \/>\nThe interest of the system is manifold:<br \/>\n-one system allows you to control up to 4 doors<br \/>\n-the system is encrypted and cannot be falsified<br \/>\n-no risk of\u00a0remote controls being lost or stolen<br \/>\n-can connect one and up to many dozen vehicles<br \/>\nYou can contact us if you have a special requirement and can meanwhile discover this system on our website\u00a0\u00a0<a href=\"http:\/\/care-code.com\/\">http:\/\/care-code.com<\/a>.<\/p>\n<p style=\"text-align: left;\"><strong>Innovation, R&amp;D team:<\/strong><br \/>\nOur R&amp;D team is led by an electronics engineer who has been in this field since the inception of car alarms in the 80&#8217;s and 90&#8217;s. our R&amp;D team can work on special requirements and can offer a wide range of RFID transmitters and receivers.<br \/>\nThanks to our FOUR-TALK technology we can develop and offer custom and safe solutions for your vehicle control and safety.<\/p>\n<h3>Fields of expertise<\/h3>\n<p>We design &amp; engineer modules and sub-systems for applications using:Conception de modules et sous-syst\u00e8mes \u00e9lectroniques d\u00e9di\u00e9s aux applications en :<\/p>\n<p>\u2022 Infrared,\u00a0 RFID, etc<br \/>\n\u2022 Short range data transmission (RFID, etc)<br \/>\n\u2022 Access automatisms<br \/>\n\u2022 Access control<\/p>\n<p>Windoor can design and build various systems such as :<\/p>\n<p>\u2022 hardware &amp;software<br \/>\n\u2022 connecting cables prototype (e.g. aviator plug &amp; jack plug, etc)<br \/>\n\u2022 Full solution for vehicle tracking and management via dedicated secured web platform<br \/>\n\u2022 Industrial &amp; commercial vehicle anti-theft systems<\/p>\n<p>Our own-developments include :<\/p>\n<p>Anti Car-Jacking \u2013\u00a0ACJ<br \/>\nAntivol Moteur Tournant \u2013\u00a0AMT<br \/>\nGarage \/portal doors opening by flashing headlights\u2013\u00a0Care-Code<br \/>\nLong range\u00a0management of vehicle doors closing\u00a0&amp; opening\u00a0Care-Fleet<br \/>\nAnti-theft locks and locking systems for vans, trucks, lorries &#8211; Care-Lock<\/p>\n<p><img fetchpriority=\"high\" decoding=\"async\" class=\"alignleft wp-image-2615\" alt=\"\" src=\"https:\/\/www.windoor.com\/wp-content\/uploads\/2018\/05\/sketch-clavier-complet-1024x622.jpg\" width=\"700\" height=\"425\" srcset=\"https:\/\/www.windoor.com\/wp-content\/uploads\/2018\/05\/sketch-clavier-complet-1024x622.jpg 1024w, https:\/\/www.windoor.com\/wp-content\/uploads\/2018\/05\/sketch-clavier-complet-300x182.jpg 300w, https:\/\/www.windoor.com\/wp-content\/uploads\/2018\/05\/sketch-clavier-complet-768x466.jpg 768w, https:\/\/www.windoor.com\/wp-content\/uploads\/2018\/05\/sketch-clavier-complet-600x364.jpg 600w\" sizes=\"(max-width: 700px) 100vw, 700px\" \/><\/p>\n<p style=\"text-align: left;\"><strong>Manufacturing:<\/strong><br \/>\nMany products of our range are either\u00a0<em>Swiss Made or assembled in France<\/em>.<\/p>\n<p style=\"text-align: left;\"><strong>Sourcing expertise:<br \/>\n<\/strong>The vision systems are manufactured by our partners and sub-contractors in Asia (Korea, Japan, ROC, Taiwan). Windoor has been active in the sourcing of such products since 2004. This has ensured the best quality-price ratio for our customers since 2005. What is more most our vision systems have undergone stringent testing phased and have R-10 certificates in our name.<\/p>\n<p><img decoding=\"async\" class=\"alignleft wp-image-2364\" alt=\"\" src=\"https:\/\/www.windoor.com\/wp-content\/uploads\/2018\/04\/BANC-TEST-WINDOOR-2.jpg\" width=\"600\" height=\"450\" srcset=\"https:\/\/www.windoor.com\/wp-content\/uploads\/2018\/04\/BANC-TEST-WINDOOR-2.jpg 3264w, https:\/\/www.windoor.com\/wp-content\/uploads\/2018\/04\/BANC-TEST-WINDOOR-2-300x225.jpg 300w, https:\/\/www.windoor.com\/wp-content\/uploads\/2018\/04\/BANC-TEST-WINDOOR-2-768x576.jpg 768w, https:\/\/www.windoor.com\/wp-content\/uploads\/2018\/04\/BANC-TEST-WINDOOR-2-1024x768.jpg 1024w, https:\/\/www.windoor.com\/wp-content\/uploads\/2018\/04\/BANC-TEST-WINDOOR-2-600x450.jpg 600w\" sizes=\"(max-width: 600px) 100vw, 600px\" \/><\/p>\n<h2><\/h2>\n<h2><\/h2>\n<h2><\/h2>\n<h2><\/h2>\n<h2><\/h2>\n<h2><\/h2>\n<h2><\/h2>\n<h2><\/h2>\n<h2><\/h2>\n<p><img loading=\"lazy\" decoding=\"async\" class=\"wp-image-2363 alignnone\" alt=\"\" src=\"https:\/\/www.windoor.com\/wp-content\/uploads\/2018\/04\/BANC-TEST-WINDOOR.jpg\" width=\"600\" height=\"450\" srcset=\"https:\/\/www.windoor.com\/wp-content\/uploads\/2018\/04\/BANC-TEST-WINDOOR.jpg 3264w, https:\/\/www.windoor.com\/wp-content\/uploads\/2018\/04\/BANC-TEST-WINDOOR-300x225.jpg 300w, https:\/\/www.windoor.com\/wp-content\/uploads\/2018\/04\/BANC-TEST-WINDOOR-768x576.jpg 768w, https:\/\/www.windoor.com\/wp-content\/uploads\/2018\/04\/BANC-TEST-WINDOOR-1024x768.jpg 1024w, https:\/\/www.windoor.com\/wp-content\/uploads\/2018\/04\/BANC-TEST-WINDOOR-600x450.jpg 600w\" sizes=\"(max-width: 600px) 100vw, 600px\" \/><\/p>\n<p><strong>Quality:<\/strong><\/p>\n<p>Windoor is a company mostly working with professionnal customers and companies with a high level of technical requirements. Hence, Windoor products are certified by the official EU certification bodies. Windoor as a company is ISO 9001 : 2015 certified for the quality of its management.<\/p>\n<p>You will find below in pdf format our Mission Statement and various Certificates :<\/p>\n<blockquote>\n<ul>\n<li><a href=\"https:\/\/www.windoor.com\/wp-content\/uploads\/2020\/04\/charte-windoor-en.pdf\">Corporate Charter (.pdf)<\/a><a href=\"https:\/\/www.windoor.com\/wp-content\/uploads\/2020\/04\/charte-windoor-1.pdf\"><\/a><\/li>\n<li><a href=\"https:\/\/www.windoor.com\/wp-content\/uploads\/2020\/04\/ISO-9001-2015-certificate-Windoor-locking-security-company-1.pdf\">ISO 9001 : 2015 &#8211; SGS Certificate<\/a><\/li>\n<li><a href=\"https:\/\/www.windoor.com\/wp-content\/uploads\/2020\/04\/ISO-9001-2015-Certificate-windoor-security-locking-systems-company-1.pdf\">ISO 9001 : 2015 &#8211; IQNET Certificate<\/a><a href=\"https:\/\/www.windoor.com\/wp-content\/uploads\/2020\/04\/WINDOOR-Certification-R10-05-0036-Verrous-VRB16-FC.jpg\"><\/a><\/li>\n<\/ul>\n<\/blockquote>\n<h4><strong><img loading=\"lazy\" decoding=\"async\" src=\"https:\/\/www.windoor.com\/wp-content\/uploads\/2023\/10\/Screenshot-2023-10-17-at-08.33.16.png\" alt=\"\" class=\"alignleft wp-image-6647\" width=\"250\" height=\"291\" srcset=\"https:\/\/www.windoor.com\/wp-content\/uploads\/2023\/10\/Screenshot-2023-10-17-at-08.33.16.png 462w, https:\/\/www.windoor.com\/wp-content\/uploads\/2023\/10\/Screenshot-2023-10-17-at-08.33.16-258x300.png 258w\" sizes=\"(max-width: 250px) 100vw, 250px\" \/><\/strong><\/h4>\n","protected":false},"excerpt":{"rendered":"<p>WINDOOR S.A is a Swiss company initially established in 1992 in Geneva, Switzerland. Windoor differentiates itself in this niche market place by the small size of its team, a great dynamism, a strong commercial reactivity, an in-house R&amp;D team and a perpetual quest of innovation of a team steered by a manager with 40 years [&hellip;]<\/p>\n","protected":false},"author":2,"featured_media":0,"parent":0,"menu_order":0,"comment_status":"open","ping_status":"open","template":"","meta":{"_exactmetrics_skip_tracking":false,"_exactmetrics_sitenote_active":false,"_exactmetrics_sitenote_note":"","_exactmetrics_sitenote_category":0,"footnotes":""},"class_list":["post-3806","page","type-page","status-publish","hentry"],"_links":{"self":[{"href":"https:\/\/www.windoor.com\/en\/wp-json\/wp\/v2\/pages\/3806","targetHints":{"allow":["GET"]}}],"collection":[{"href":"https:\/\/www.windoor.com\/en\/wp-json\/wp\/v2\/pages"}],"about":[{"href":"https:\/\/www.windoor.com\/en\/wp-json\/wp\/v2\/types\/page"}],"author":[{"embeddable":true,"href":"https:\/\/www.windoor.com\/en\/wp-json\/wp\/v2\/users\/2"}],"replies":[{"embeddable":true,"href":"https:\/\/www.windoor.com\/en\/wp-json\/wp\/v2\/comments?post=3806"}],"version-history":[{"count":0,"href":"https:\/\/www.windoor.com\/en\/wp-json\/wp\/v2\/pages\/3806\/revisions"}],"wp:attachment":[{"href":"https:\/\/www.windoor.com\/en\/wp-json\/wp\/v2\/media?parent=3806"}],"curies":[{"name":"wp","href":"https:\/\/api.w.org\/{rel}","templated":true}]}}